{"id":4775,"date":"2024-12-20T21:46:33","date_gmt":"2024-12-20T21:46:33","guid":{"rendered":"https:\/\/p-fvniw7.project.space\/?page_id=4775"},"modified":"2026-02-23T21:06:40","modified_gmt":"2026-02-23T21:06:40","slug":"legal-notice","status":"publish","type":"page","link":"https:\/\/pro-mandat.de\/en\/legal-notice\/","title":{"rendered":"legal notice"},"content":{"rendered":"<div data-elementor-type=\"wp-page\" data-elementor-id=\"4775\" class=\"elementor elementor-4775\" data-elementor-post-type=\"page\">\n\t\t\t\t\t\t<section class=\"elementor-section elementor-top-section elementor-element elementor-element-5bafecd elementor-section-boxed elementor-section-height-default elementor-section-height-default\" data-id=\"5bafecd\" data-element_type=\"section\" data-e-type=\"section\" data-settings=\"{&quot;background_background&quot;:&quot;classic&quot;}\">\n\t\t\t\t\t\t\t<div class=\"elementor-background-overlay\"><\/div>\n\t\t\t\t\t\t\t<div class=\"elementor-container elementor-column-gap-no\">\n\t\t\t\t\t<div class=\"elementor-column elementor-col-100 elementor-top-column elementor-element elementor-element-aa073a7\" data-id=\"aa073a7\" data-element_type=\"column\" data-e-type=\"column\">\n\t\t\t<div class=\"elementor-widget-wrap elementor-element-populated\">\n\t\t\t\t\t\t<div class=\"elementor-element elementor-element-e1c6f02 elementor-widget-divider--view-line elementor-widget elementor-widget-divider\" data-id=\"e1c6f02\" data-element_type=\"widget\" data-e-type=\"widget\" data-widget_type=\"divider.default\">\n\t\t\t\t<div class=\"elementor-widget-container\">\n\t\t\t\t\t\t\t<div class=\"elementor-divider\">\n\t\t\t<span class=\"elementor-divider-separator\">\n\t\t\t\t\t\t<\/span>\n\t\t<\/div>\n\t\t\t\t\t\t<\/div>\n\t\t\t\t<\/div>\n\t\t\t\t<div class=\"elementor-element elementor-element-0d54aa8 elementor-widget elementor-widget-heading\" data-id=\"0d54aa8\" data-element_type=\"widget\" data-e-type=\"widget\" data-widget_type=\"heading.default\">\n\t\t\t\t<div class=\"elementor-widget-container\">\n\t\t\t\t\t<h1 class=\"elementor-heading-title elementor-size-default\">legal notice<\/h1>\t\t\t\t<\/div>\n\t\t\t\t<\/div>\n\t\t\t\t<div class=\"elementor-element elementor-element-60f2edc elementor-widget elementor-widget-html\" data-id=\"60f2edc\" data-element_type=\"widget\" data-e-type=\"widget\" data-widget_type=\"html.default\">\n\t\t\t\t<div class=\"elementor-widget-container\">\n\t\t\t\t\t<h2><strong>Imprint<\/strong><\/h2>\n<h3>Provider:<\/h3>\n<p>pro mandat gmbh<\/p>\n<p>Gasteigweg 3<\/p>\n<p>83259 Schleching<\/p>\n<div>\n <p>Deutschland<\/p>\n<\/div>\n<div>\n <p>Register entry: HRB 33497<\/p>\n <p>Register court: Amtsgericht Traunstein<\/p>\n <p>Authorized representative(s): Rene Reich, Gesch\u00e4ftsf\u00fchrer<\/p>\n<\/div>\n<p> Telephone number: +49 711 168690<\/p>\n<p>E-mail address: kanzlei@pro-mandat.de<\/p>\n<div>\n <h3>Supervisory authority:<\/h3>\n <p> Steuerberaterkammer M\u00fcnchen<\/p>\n <p>Nederlinger Str. 9<\/p>\n <p>80638 M\u00fcnchen<\/p>\n <p>Deutschland<\/p>\n <p>Email address: info@stbk-muc.de<\/p>\n <p>Website: https:\/\/www.steuerberaterkammer-muenchen.de\/<\/p>\n <p>Phone number: 089 1579020<\/p>\n <p>Fax number: 089 157902-19<\/p>\n<\/div>\n<div>\n <h3>Chamber: <\/h3>\n <p>Steuerberaterkammer M\u00fcnchen<\/p>\n <p>Nederlinger Str. 9<\/p>\n <p>80638 M\u00fcnchen<\/p>\n <p>Deutschland<\/p>\n <p>E-mail address: info@stbk-muc.de<\/p>\n <p>Website: https:\/\/www.steuerberaterkammer-muenchen.de\/<\/p>\n <p>Phone number: 089 1579020<\/p>\n <p>Fax number: 089 157902-19<\/p>\n<\/div>\n<div>\n <h3>Professional law:<\/h3>\n <p>Legal occupational title: Steuerberater<\/p>\n <p>Awarding State: Deutschland<\/p>\n <p>Professional regulations: Steuerberatungsgesetz, Durchf\u00fchrungsverordnung zum Steuerberatungsgesetz, Berufsordnung der Bundessteuerberaterkammer, Steuerberaterverg\u00fctungsverordnung<\/p>\n<\/div>\n<div>\n <h3>Professional liability insurance:<\/h3>\n <p>Gothaer Allgemeine Versicherung AG<\/p>\n <p>Gothaer Allee 1<\/p>\n <p>50969 K\u00f6ln<\/p> \n <br \/> \n <br \/> \n <br \/> \n <br \/> \n <br \/>\n<\/div>\n<p><br \/>In the event of discrepancies between the German and English versions, the German version shall take precedence.<\/p>\t\t\t\t<\/div>\n\t\t\t\t<\/div>\n\t\t\t\t<div class=\"elementor-element elementor-element-57db904 elementor-widget elementor-widget-text-editor\" data-id=\"57db904\" data-element_type=\"widget\" data-e-type=\"widget\" data-widget_type=\"text-editor.default\">\n\t\t\t\t<div class=\"elementor-widget-container\">\n\t\t\t\t\t\t\t\t\t<p>Layout &amp; Realization:<\/p>\t\t\t\t\t\t\t\t<\/div>\n\t\t\t\t<\/div>\n\t\t\t\t<div class=\"elementor-element elementor-element-c42819d elementor-widget elementor-widget-text-editor\" data-id=\"c42819d\" data-element_type=\"widget\" data-e-type=\"widget\" data-widget_type=\"text-editor.default\">\n\t\t\t\t<div class=\"elementor-widget-container\">\n\t\t\t\t\t\t\t\t\t<p>Gulde Kommunikation GmbH<br \/>Frauengartenstra\u00dfe 6<br \/>72406 Bisingen<br \/><a href=\"mailto:info@gulde-kommunikation.de\">info@gulde-kommunikation.de<\/a><br \/><a href=\"https:\/\/gulde-kommunikation.de\">www.gulde-kommunikation.de<\/a><\/p>\t\t\t\t\t\t\t\t<\/div>\n\t\t\t\t<\/div>\n\t\t\t\t\t<\/div>\n\t\t<\/div>\n\t\t\t\t\t<\/div>\n\t\t<\/section>\n\t\t\t\t<\/div>","protected":false},"excerpt":{"rendered":"<p>Impressum Imprint Provider: pro mandat gmbh Gasteigweg 3 83259 Schleching Deutschland Register entry: HRB 33497 Register court: Amtsgericht Traunstein Authorized representative(s): Rene Reich, Gesch\u00e4ftsf\u00fchrer Telephone number: +49 711 168690 E-mail address: kanzlei@pro-mandat.de Supervisory authority: Steuerberaterkammer M\u00fcnchen Nederlinger Str. 9 80638 M\u00fcnchen Deutschland Email address: info@stbk-muc.de Website: https:\/\/www.steuerberaterkammer-muenchen.de\/ Phone number: 089 1579020 Fax number: 089 157902-19 [&hellip;]<\/p>\n","protected":false},"author":3,"featured_media":0,"parent":0,"menu_order":0,"comment_status":"closed","ping_status":"closed","template":"elementor_header_footer","meta":{"footnotes":""},"class_list":["post-4775","page","type-page","status-publish","hentry"],"yoast_head":"<!-- This site is optimized with the Yoast SEO plugin v27.5 - https:\/\/yoast.com\/product\/yoast-seo-wordpress\/ -->\n<title>legal notice - pro mandat gmbh<\/title>\n<meta name=\"robots\" content=\"noindex, nofollow\" \/>\n<meta property=\"og:locale\" content=\"en_US\" \/>\n<meta property=\"og:type\" content=\"article\" \/>\n<meta property=\"og:title\" content=\"legal notice - pro mandat gmbh\" \/>\n<meta property=\"og:description\" content=\"Impressum Imprint Provider: pro mandat gmbh Gasteigweg 3 83259 Schleching Deutschland Register entry: HRB 33497 Register court: Amtsgericht Traunstein Authorized representative(s): Rene Reich, Gesch\u00e4ftsf\u00fchrer Telephone number: +49 711 168690 E-mail address: kanzlei@pro-mandat.de Supervisory authority: Steuerberaterkammer M\u00fcnchen Nederlinger Str. 9 80638 M\u00fcnchen Deutschland Email address: info@stbk-muc.de Website: https:\/\/www.steuerberaterkammer-muenchen.de\/ Phone number: 089 1579020 Fax number: 089 157902-19 [&hellip;]\" \/>\n<meta property=\"og:url\" content=\"https:\/\/pro-mandat.de\/en\/legal-notice\/\" \/>\n<meta property=\"og:site_name\" content=\"pro mandat gmbh\" \/>\n<meta property=\"article:modified_time\" content=\"2026-02-23T21:06:40+00:00\" \/>\n<meta name=\"twitter:card\" content=\"summary_large_image\" \/>\n<meta name=\"twitter:label1\" content=\"Est. reading time\" \/>\n\t<meta name=\"twitter:data1\" content=\"1 minute\" \/>\n<script type=\"application\/ld+json\" class=\"yoast-schema-graph\">{\"@context\":\"https:\\\/\\\/schema.org\",\"@graph\":[{\"@type\":\"WebPage\",\"@id\":\"https:\\\/\\\/pro-mandat.de\\\/legal-notice\\\/\",\"url\":\"https:\\\/\\\/pro-mandat.de\\\/legal-notice\\\/\",\"name\":\"legal notice - pro mandat gmbh\",\"isPartOf\":{\"@id\":\"https:\\\/\\\/pro-mandat.de\\\/#website\"},\"datePublished\":\"2024-12-20T21:46:33+00:00\",\"dateModified\":\"2026-02-23T21:06:40+00:00\",\"breadcrumb\":{\"@id\":\"https:\\\/\\\/pro-mandat.de\\\/legal-notice\\\/#breadcrumb\"},\"inLanguage\":\"en-US\",\"potentialAction\":[{\"@type\":\"ReadAction\",\"target\":[\"https:\\\/\\\/pro-mandat.de\\\/legal-notice\\\/\"]}]},{\"@type\":\"BreadcrumbList\",\"@id\":\"https:\\\/\\\/pro-mandat.de\\\/legal-notice\\\/#breadcrumb\",\"itemListElement\":[{\"@type\":\"ListItem\",\"position\":1,\"name\":\"Home\",\"item\":\"https:\\\/\\\/pro-mandat.de\\\/\"},{\"@type\":\"ListItem\",\"position\":2,\"name\":\"legal notice\"}]},{\"@type\":\"WebSite\",\"@id\":\"https:\\\/\\\/pro-mandat.de\\\/#website\",\"url\":\"https:\\\/\\\/pro-mandat.de\\\/\",\"name\":\"pro mandat gmbh\",\"description\":\"Beratung neu gedacht\",\"publisher\":{\"@id\":\"https:\\\/\\\/pro-mandat.de\\\/#organization\"},\"potentialAction\":[{\"@type\":\"SearchAction\",\"target\":{\"@type\":\"EntryPoint\",\"urlTemplate\":\"https:\\\/\\\/pro-mandat.de\\\/?s={search_term_string}\"},\"query-input\":{\"@type\":\"PropertyValueSpecification\",\"valueRequired\":true,\"valueName\":\"search_term_string\"}}],\"inLanguage\":\"en-US\"},{\"@type\":\"Organization\",\"@id\":\"https:\\\/\\\/pro-mandat.de\\\/#organization\",\"name\":\"pro mandat gmbh\",\"url\":\"https:\\\/\\\/pro-mandat.de\\\/\",\"logo\":{\"@type\":\"ImageObject\",\"inLanguage\":\"en-US\",\"@id\":\"https:\\\/\\\/pro-mandat.de\\\/#\\\/schema\\\/logo\\\/image\\\/\",\"url\":\"https:\\\/\\\/pro-mandat.de\\\/wp-content\\\/uploads\\\/2022\\\/10\\\/Pro-Mandat_Primaerlogo-e1730980967151.png\",\"contentUrl\":\"https:\\\/\\\/pro-mandat.de\\\/wp-content\\\/uploads\\\/2022\\\/10\\\/Pro-Mandat_Primaerlogo-e1730980967151.png\",\"width\":988,\"height\":267,\"caption\":\"pro mandat gmbh\"},\"image\":{\"@id\":\"https:\\\/\\\/pro-mandat.de\\\/#\\\/schema\\\/logo\\\/image\\\/\"}}]}<\/script>\n<!-- \/ Yoast SEO plugin. -->","yoast_head_json":{"title":"legal notice - pro mandat gmbh","robots":{"index":"noindex","follow":"nofollow"},"og_locale":"en_US","og_type":"article","og_title":"legal notice - pro mandat gmbh","og_description":"Impressum Imprint Provider: pro mandat gmbh Gasteigweg 3 83259 Schleching Deutschland Register entry: HRB 33497 Register court: Amtsgericht Traunstein Authorized representative(s): Rene Reich, Gesch\u00e4ftsf\u00fchrer Telephone number: +49 711 168690 E-mail address: kanzlei@pro-mandat.de Supervisory authority: Steuerberaterkammer M\u00fcnchen Nederlinger Str. 9 80638 M\u00fcnchen Deutschland Email address: info@stbk-muc.de Website: https:\/\/www.steuerberaterkammer-muenchen.de\/ Phone number: 089 1579020 Fax number: 089 157902-19 [&hellip;]","og_url":"https:\/\/pro-mandat.de\/en\/legal-notice\/","og_site_name":"pro mandat gmbh","article_modified_time":"2026-02-23T21:06:40+00:00","twitter_card":"summary_large_image","twitter_misc":{"Est. reading time":"1 minute"},"schema":{"@context":"https:\/\/schema.org","@graph":[{"@type":"WebPage","@id":"https:\/\/pro-mandat.de\/legal-notice\/","url":"https:\/\/pro-mandat.de\/legal-notice\/","name":"legal notice - pro mandat gmbh","isPartOf":{"@id":"https:\/\/pro-mandat.de\/#website"},"datePublished":"2024-12-20T21:46:33+00:00","dateModified":"2026-02-23T21:06:40+00:00","breadcrumb":{"@id":"https:\/\/pro-mandat.de\/legal-notice\/#breadcrumb"},"inLanguage":"en-US","potentialAction":[{"@type":"ReadAction","target":["https:\/\/pro-mandat.de\/legal-notice\/"]}]},{"@type":"BreadcrumbList","@id":"https:\/\/pro-mandat.de\/legal-notice\/#breadcrumb","itemListElement":[{"@type":"ListItem","position":1,"name":"Home","item":"https:\/\/pro-mandat.de\/"},{"@type":"ListItem","position":2,"name":"legal notice"}]},{"@type":"WebSite","@id":"https:\/\/pro-mandat.de\/#website","url":"https:\/\/pro-mandat.de\/","name":"pro mandat gmbh","description":"Beratung neu gedacht","publisher":{"@id":"https:\/\/pro-mandat.de\/#organization"},"potentialAction":[{"@type":"SearchAction","target":{"@type":"EntryPoint","urlTemplate":"https:\/\/pro-mandat.de\/?s={search_term_string}"},"query-input":{"@type":"PropertyValueSpecification","valueRequired":true,"valueName":"search_term_string"}}],"inLanguage":"en-US"},{"@type":"Organization","@id":"https:\/\/pro-mandat.de\/#organization","name":"pro mandat gmbh","url":"https:\/\/pro-mandat.de\/","logo":{"@type":"ImageObject","inLanguage":"en-US","@id":"https:\/\/pro-mandat.de\/#\/schema\/logo\/image\/","url":"https:\/\/pro-mandat.de\/wp-content\/uploads\/2022\/10\/Pro-Mandat_Primaerlogo-e1730980967151.png","contentUrl":"https:\/\/pro-mandat.de\/wp-content\/uploads\/2022\/10\/Pro-Mandat_Primaerlogo-e1730980967151.png","width":988,"height":267,"caption":"pro mandat gmbh"},"image":{"@id":"https:\/\/pro-mandat.de\/#\/schema\/logo\/image\/"}}]}},"_links":{"self":[{"href":"https:\/\/pro-mandat.de\/en\/wp-json\/wp\/v2\/pages\/4775","targetHints":{"allow":["GET"]}}],"collection":[{"href":"https:\/\/pro-mandat.de\/en\/wp-json\/wp\/v2\/pages"}],"about":[{"href":"https:\/\/pro-mandat.de\/en\/wp-json\/wp\/v2\/types\/page"}],"author":[{"embeddable":true,"href":"https:\/\/pro-mandat.de\/en\/wp-json\/wp\/v2\/users\/3"}],"replies":[{"embeddable":true,"href":"https:\/\/pro-mandat.de\/en\/wp-json\/wp\/v2\/comments?post=4775"}],"version-history":[{"count":13,"href":"https:\/\/pro-mandat.de\/en\/wp-json\/wp\/v2\/pages\/4775\/revisions"}],"predecessor-version":[{"id":5869,"href":"https:\/\/pro-mandat.de\/en\/wp-json\/wp\/v2\/pages\/4775\/revisions\/5869"}],"wp:attachment":[{"href":"https:\/\/pro-mandat.de\/en\/wp-json\/wp\/v2\/media?parent=4775"}],"curies":[{"name":"wp","href":"https:\/\/api.w.org\/{rel}","templated":true}]}}